{"id":18854,"date":"2023-05-04T15:21:01","date_gmt":"2023-05-04T13:21:01","guid":{"rendered":"https:\/\/umiberica.com\/es\/?page_id=18854"},"modified":"2025-01-06T11:42:21","modified_gmt":"2025-01-06T10:42:21","slug":"welcome-pack","status":"publish","type":"page","link":"https:\/\/umiberica.com\/es\/welcome-pack\/","title":{"rendered":"PROMOCI\u00d3N WELCOME PACK"},"content":{"rendered":"<div class=\"wpb-content-wrapper\"><p>[vc_row full_width=&#8221;stretch_row_content_no_spaces&#8221; css=&#8221;.vc_custom_1579793454046{margin-top: -80px !important;}&#8221;][vc_column css=&#8221;.vc_custom_1683210975822{margin-top: 10px !important;padding-right: 50px !important;padding-left: 50px !important;}&#8221; offset=&#8221;vc_hidden-sm vc_hidden-xs&#8221;]\t\t<div id=\"gallery_384\" class=\"wd-images-gallery wd-wpb\" style=\"--wd-justify-content:center;--wd-align-items:center;\">\n\t\t\t\n\t\t\t<div class=\" wd-grid-f-col wd-masonry\" style=\"--wd-col-lg:1;--wd-col-md:1;--wd-col-sm:1;--wd-gap-lg:0px;\">\n\t\t\t\t\n\t\t\t\t\t\t\t\t\t\t\t\t\t\t\t<div class=\"wd-gallery-item wd-col\">\n\t\t\t\t\t\t\t\n\t\t\t\t\t\t\t\t<img loading=\"lazy\" decoding=\"async\" width=\"1920\" height=\"1080\" src=\"https:\/\/umiberica.com\/es\/wp-content\/uploads\/2023\/07\/CASCO-chaqueta-GUANTES-1.jpg\" class=\"wd-gallery-image image-1\" alt=\"\" srcset=\"https:\/\/umiberica.com\/es\/wp-content\/uploads\/2023\/07\/CASCO-chaqueta-GUANTES-1.jpg 1920w, https:\/\/umiberica.com\/es\/wp-content\/uploads\/2023\/07\/CASCO-chaqueta-GUANTES-1-510x287.jpg 510w, https:\/\/umiberica.com\/es\/wp-content\/uploads\/2023\/07\/CASCO-chaqueta-GUANTES-1-900x506.jpg 900w, https:\/\/umiberica.com\/es\/wp-content\/uploads\/2023\/07\/CASCO-chaqueta-GUANTES-1-768x432.jpg 768w, https:\/\/umiberica.com\/es\/wp-content\/uploads\/2023\/07\/CASCO-chaqueta-GUANTES-1-1536x864.jpg 1536w\" sizes=\"auto, (max-width: 1920px) 100vw, 1920px\" \/>\n\t\t\t\t\t\t\t\t\t\t\t\t\t\t<\/div>\n\t\t\t\t\t\t\t\t\t\n\t\t\t\t\t\t\t<\/div>\n\n\t\t\t\t\t<\/div>\n\t\t\t\t\t<div id=\"wd-69d6f0fedce41\" class=\"wd-text-block-wrapper wd-wpb color-scheme-custom text-center vc_custom_1683210287934\">\n\t\t\t\t<div class=\"woodmart-title-container woodmart-text-block reset-last-child font-primary wd-font-weight-400 \">\n\t\t\t\t\t<\/p>\n<h1><strong>PROMOCI\u00d3N WELCOME PACK<\/strong><\/h1>\n<p>\t\t\t\t<\/div>\n\n\t\t\t\t\t\t\t<\/div>\n\t\t[vc_custom_heading text=&#8221;V\u00c1LIDA HASTA EL 30 DE SEPTIEMBRE DE 2023&#8243; font_container=&#8221;tag:h5|text_align:center|color:%23002b54&#8243; use_theme_fonts=&#8221;yes&#8221; css=&#8221;.vc_custom_1690796793629{margin-top: -10px !important;}&#8221;]\t\t\t<div id=\"wd-69d6f0fedce8c\" class=\"wd-text-block-wrapper wd-wpb color-scheme-custom text-left \">\n\t\t\t\t<div class=\"woodmart-title-container woodmart-text-block reset-last-child font-primary wd-font-weight-400 wd-fontsize-xxl\">\n\t\t\t\t\t<\/p>\n<h2 style=\"text-align: center;\">DISFRUTA DE TUS RUTAS Y AVENTURAS CON UN EQUIPAMIENTO COMPLETO<\/h2>\n<p>\t\t\t\t<\/div>\n\n\t\t\t\t\t\t\t<\/div>\n\t\t[vc_separator border_width=&#8221;3&#8243; el_width=&#8221;10&#8243;][vc_custom_heading text=&#8221;Ll\u00e9vate GRATIS nuestro &#8220;WELCOME PACK&#8220; por la compra de tu DSR TT Adventure, DSR EX, DSR SM y Xtreet, que incluye:&#8221; font_container=&#8221;tag:h3|text_align:center|color:%23002b54&#8243; use_theme_fonts=&#8221;yes&#8221; css=&#8221;.vc_custom_1683207630187{margin-top: -10px !important;}&#8221;][\/vc_column][\/vc_row][vc_row full_width=&#8221;stretch_row_content_no_spaces&#8221;][vc_column offset=&#8221;vc_hidden-lg vc_hidden-md&#8221; css=&#8221;.vc_custom_1683212709971{margin-top: 20px !important;}&#8221;]\t\t<div id=\"gallery_921\" class=\"wd-images-gallery wd-wpb\" style=\"--wd-justify-content:center;--wd-align-items:center;\">\n\t\t\t\n\t\t\t<div class=\" wd-grid-f-col wd-masonry\" style=\"--wd-col-lg:1;--wd-col-md:1;--wd-col-sm:1;--wd-gap-lg:0px;\">\n\t\t\t\t\n\t\t\t\t\t\t\t\t\t\t\t\t\t\t\t<div class=\"wd-gallery-item wd-col\">\n\t\t\t\t\t\t\t\n\t\t\t\t\t\t\t\t<img loading=\"lazy\" decoding=\"async\" width=\"1080\" height=\"1080\" src=\"https:\/\/umiberica.com\/es\/wp-content\/uploads\/2023\/07\/WELCOME-PACK-SEPTIEMBRE-GENERAL.jpg\" class=\"wd-gallery-image image-1\" alt=\"\" srcset=\"https:\/\/umiberica.com\/es\/wp-content\/uploads\/2023\/07\/WELCOME-PACK-SEPTIEMBRE-GENERAL.jpg 1080w, https:\/\/umiberica.com\/es\/wp-content\/uploads\/2023\/07\/WELCOME-PACK-SEPTIEMBRE-GENERAL-510x510.jpg 510w, https:\/\/umiberica.com\/es\/wp-content\/uploads\/2023\/07\/WELCOME-PACK-SEPTIEMBRE-GENERAL-900x900.jpg 900w, https:\/\/umiberica.com\/es\/wp-content\/uploads\/2023\/07\/WELCOME-PACK-SEPTIEMBRE-GENERAL-150x150.jpg 150w, https:\/\/umiberica.com\/es\/wp-content\/uploads\/2023\/07\/WELCOME-PACK-SEPTIEMBRE-GENERAL-768x768.jpg 768w\" sizes=\"auto, (max-width: 1080px) 100vw, 1080px\" \/>\n\t\t\t\t\t\t\t\t\t\t\t\t\t\t<\/div>\n\t\t\t\t\t\t\t\t\t\n\t\t\t\t\t\t\t<\/div>\n\n\t\t\t\t\t<\/div>\n\t\t\t\t\t<div id=\"wd-69d6f0fedd092\" class=\"wd-text-block-wrapper wd-wpb color-scheme-custom text-center vc_custom_1683210287934\">\n\t\t\t\t<div class=\"woodmart-title-container woodmart-text-block reset-last-child font-primary wd-font-weight-400 \">\n\t\t\t\t\t<\/p>\n<h1><strong>PROMOCI\u00d3N WELCOME PACK<\/strong><\/h1>\n<p>\t\t\t\t<\/div>\n\n\t\t\t\t\t\t\t<\/div>\n\t\t[vc_custom_heading text=&#8221;V\u00c1LIDA HASTA EL 30 DE SEPTIEMBRE DEL 2023&#8243; font_container=&#8221;tag:h5|text_align:center|color:%23002b54&#8243; use_theme_fonts=&#8221;yes&#8221; css=&#8221;.vc_custom_1690796818304{margin-top: -10px !important;}&#8221;]\t\t\t<div id=\"wd-69d6f0fedd0b9\" class=\"wd-text-block-wrapper wd-wpb color-scheme-custom text-left \">\n\t\t\t\t<div class=\"woodmart-title-container woodmart-text-block reset-last-child font-primary wd-font-weight-400 wd-fontsize-xxl\">\n\t\t\t\t\t<\/p>\n<h2 style=\"text-align: center;\">DISFRUTA DE TUS RUTAS Y AVENTURAS CON UN EQUIPAMIENTO COMPLETO<\/h2>\n<p>\t\t\t\t<\/div>\n\n\t\t\t\t\t\t\t<\/div>\n\t\t[vc_separator border_width=&#8221;3&#8243; el_width=&#8221;10&#8243;][vc_custom_heading text=&#8221;Ll\u00e9vate GRATIS nuestro &#8220;WELCOME PACK&#8220; por la compra de tu DSR TT Adventure, DSR EX, DSR SM y Xtreet, que incluye:&#8221; font_container=&#8221;tag:h3|text_align:center|color:%23002b54&#8243; use_theme_fonts=&#8221;yes&#8221; css=&#8221;.vc_custom_1683212743287{margin-top: -10px !important;margin-right: 5px !important;margin-left: 5px !important;}&#8221;][\/vc_column][\/vc_row][vc_row full_width=&#8221;stretch_row&#8221; css=&#8221;.vc_custom_1683208497762{background-color: #ffffff !important;}&#8221;][vc_column][vc_row_inner gap=&#8221;10&#8243;][vc_column_inner width=&#8221;1\/3&#8243; css=&#8221;.vc_custom_1538847511087{border-right-width: 1px !important;border-right-color: #e2e2e2 !important;border-right-style: solid !important;}&#8221;][vc_single_image image=&#8221;18878&#8243; img_size=&#8221;full&#8221; alignment=&#8221;center&#8221;][vc_custom_heading text=&#8221;Casco DRAKEN S SOLID&#8221; font_container=&#8221;tag:h4|text_align:center|color:%23002b54&#8243; use_theme_fonts=&#8221;yes&#8221;][\/vc_column_inner][vc_column_inner width=&#8221;1\/3&#8243; css=&#8221;.vc_custom_1538847489846{border-right-width: 1px !important;border-right-color: #e2e2e2 !important;border-right-style: solid !important;}&#8221;][vc_single_image image=&#8221;18882&#8243; img_size=&#8221;full&#8221; alignment=&#8221;center&#8221;][vc_custom_heading text=&#8221;Chaqueta SD &#8211; JR69&#8243; font_container=&#8221;tag:h4|text_align:center|color:%23002b54&#8243; use_theme_fonts=&#8221;yes&#8221; css=&#8221;.vc_custom_1683208098527{padding-right: 10px !important;padding-left: 10px !important;}&#8221;][\/vc_column_inner][vc_column_inner width=&#8221;1\/3&#8243; css=&#8221;.vc_custom_1538847562814{border-right-width: 1px !important;}&#8221;][vc_single_image image=&#8221;18881&#8243; img_size=&#8221;full&#8221; alignment=&#8221;center&#8221;][vc_custom_heading text=&#8221;Guantes SD &#8211; C49&#8243; font_container=&#8221;tag:h4|text_align:center|color:%23002b54&#8243; use_theme_fonts=&#8221;yes&#8221;][\/vc_column_inner][\/vc_row_inner][vc_custom_heading text=&#8221;Pack valorado en 268,65\u20ac&#8221; font_container=&#8221;tag:h4|text_align:center|color:%23eb7638&#8243; use_theme_fonts=&#8221;yes&#8221; css=&#8221;.vc_custom_1683212364646{margin-top: 50px !important;}&#8221;][vc_separator el_width=&#8221;20&#8243;][vc_column_text]<\/p>\n<p style=\"text-align: center;\"><span class=\"ui-provider gr b c d e f g h i j k l m n o p q r s t u v w x y z ab ac ae af ag ah ai aj ak\" dir=\"ltr\">*Oferta v\u00e1lida para Pen\u00ednsula Ib\u00e9rica, para Islas Canarias y Baleares. Consultar condiciones.<\/span><\/p>\n<p>[\/vc_column_text][vc_custom_heading text=&#8221;\u00bfA qu\u00e9 est\u00e1s esperando? ENCUENTRA TU CONCESIONARIO M\u00c1S CERCANO AQU\u00cd&#8221; font_container=&#8221;tag:h3|text_align:center|color:%23002b54&#8243; use_theme_fonts=&#8221;yes&#8221; css=&#8221;.vc_custom_1683212424556{margin-top: 25px !important;}&#8221;]<div id=\"wd-69d6f0fedd0f1\" class=\"  wd-button-wrapper text-center\"><a href=\"https:\/\/umiberica.com\/es\/concesionarios\/\" title=\"Concesionarios\" class=\"btn btn-color-alt btn-style-default btn-shape-rectangle btn-size-default\">CONCESIONARIOS<\/a><\/div>[\/vc_column][\/vc_row][vc_row css=&#8221;.vc_custom_1683240783469{margin-top: 20px !important;}&#8221;][vc_column][vc_row_inner][vc_column_inner width=&#8221;1\/4&#8243;][vc_single_image image=&#8221;18936&#8243; img_size=&#8221;full&#8221; alignment=&#8221;center&#8221; onclick=&#8221;custom_link&#8221; link=&#8221;https:\/\/umiberica.com\/es\/xtreet\/&#8221; title=&#8221;Xtreet&#8221;][\/vc_column_inner][vc_column_inner width=&#8221;1\/4&#8243;][vc_single_image image=&#8221;18934&#8243; img_size=&#8221;full&#8221; alignment=&#8221;center&#8221; onclick=&#8221;custom_link&#8221; link=&#8221;https:\/\/umiberica.com\/es\/enduro-supermoto\/dsr-sm\/&#8221; title=&#8221;DSR SM&#8221;][\/vc_column_inner][vc_column_inner width=&#8221;1\/4&#8243;][vc_single_image image=&#8221;18935&#8243; img_size=&#8221;full&#8221; alignment=&#8221;center&#8221; onclick=&#8221;custom_link&#8221; link=&#8221;https:\/\/umiberica.com\/es\/trail\/dsr-adventure-tt\/&#8221; title=&#8221;DSR Adventure TT&#8221;][\/vc_column_inner][vc_column_inner width=&#8221;1\/4&#8243;][vc_single_image image=&#8221;18933&#8243; img_size=&#8221;full&#8221; alignment=&#8221;center&#8221; onclick=&#8221;custom_link&#8221; title=&#8221;DSR EX&#8221; link=&#8221;https:\/\/umiberica.com\/es\/enduro-supermoto\/dsr-ex\/&#8221;][\/vc_column_inner][\/vc_row_inner][\/vc_column][\/vc_row]<\/p>\n<\/div>","protected":false},"excerpt":{"rendered":"<p>[vc_row full_width=&#8221;stretch_row_content_no_spaces&#8221; css=&#8221;.vc_custom_1579793454046{margin-top: -80px !important;}&#8221;][vc_column css=&#8221;.vc_custom_1683210975822{margin-top: 10px !important;padding-right: 50px !important;padding-left: 50px !important;}&#8221; offset=&#8221;vc_hidden-sm vc_hidden-xs&#8221;][vc_custom_heading text=&#8221;V\u00c1LIDA HASTA EL 30 DE SEPTIEMBRE<\/p>\n","protected":false},"author":2,"featured_media":18908,"parent":0,"menu_order":0,"comment_status":"closed","ping_status":"closed","template":"","meta":{"footnotes":""},"class_list":["post-18854","page","type-page","status-publish","has-post-thumbnail","hentry"],"yoast_head":"<!-- This site is optimized with the Yoast SEO plugin v27.3 - https:\/\/yoast.com\/product\/yoast-seo-wordpress\/ -->\n<title>PROMOCI\u00d3N WELCOME PACK - UM Motorcycles<\/title>\n<meta name=\"description\" content=\"Disfruta de nuestra PROMOCI\u00d3N WELCOME PACK y ll\u00e9vate GRATIS tu CASCO, CHAQUETA y GUANTES por la compra de nuestros modelos UM.\" \/>\n<meta name=\"robots\" content=\"index, follow, max-snippet:-1, max-image-preview:large, max-video-preview:-1\" \/>\n<link rel=\"canonical\" href=\"https:\/\/umiberica.com\/es\/welcome-pack\/\" \/>\n<meta property=\"og:locale\" content=\"es_ES\" \/>\n<meta property=\"og:type\" content=\"article\" \/>\n<meta property=\"og:title\" content=\"PROMOCI\u00d3N WELCOME PACK - UM Motorcycles\" \/>\n<meta property=\"og:description\" content=\"Disfruta de nuestra PROMOCI\u00d3N WELCOME PACK y ll\u00e9vate GRATIS tu CASCO, CHAQUETA y GUANTES por la compra de nuestros modelos UM.\" \/>\n<meta property=\"og:url\" content=\"https:\/\/umiberica.com\/es\/welcome-pack\/\" \/>\n<meta property=\"og:site_name\" content=\"UM Motorcycles\" \/>\n<meta property=\"article:publisher\" content=\"https:\/\/www.facebook.com\/umibericaes\/\" \/>\n<meta property=\"article:modified_time\" content=\"2025-01-06T10:42:21+00:00\" \/>\n<meta property=\"og:image\" content=\"https:\/\/umiberica.com\/es\/wp-content\/uploads\/2023\/05\/ENCABEZADO-WELCOME-PACK-MOVIL-1.jpg\" \/>\n\t<meta property=\"og:image:width\" content=\"1080\" \/>\n\t<meta property=\"og:image:height\" content=\"1080\" \/>\n\t<meta property=\"og:image:type\" content=\"image\/jpeg\" \/>\n<meta name=\"twitter:card\" content=\"summary_large_image\" \/>\n<meta name=\"twitter:label1\" content=\"Tiempo de lectura\" \/>\n\t<meta name=\"twitter:data1\" content=\"4 minutos\" \/>\n<script type=\"application\/ld+json\" class=\"yoast-schema-graph\">{\"@context\":\"https:\\\/\\\/schema.org\",\"@graph\":[{\"@type\":\"WebPage\",\"@id\":\"https:\\\/\\\/umiberica.com\\\/es\\\/welcome-pack\\\/\",\"url\":\"https:\\\/\\\/umiberica.com\\\/es\\\/welcome-pack\\\/\",\"name\":\"PROMOCI\u00d3N WELCOME PACK - UM Motorcycles\",\"isPartOf\":{\"@id\":\"https:\\\/\\\/umiberica.com\\\/es\\\/#website\"},\"primaryImageOfPage\":{\"@id\":\"https:\\\/\\\/umiberica.com\\\/es\\\/welcome-pack\\\/#primaryimage\"},\"image\":{\"@id\":\"https:\\\/\\\/umiberica.com\\\/es\\\/welcome-pack\\\/#primaryimage\"},\"thumbnailUrl\":\"https:\\\/\\\/umiberica.com\\\/es\\\/wp-content\\\/uploads\\\/2023\\\/05\\\/ENCABEZADO-WELCOME-PACK-MOVIL-1.jpg\",\"datePublished\":\"2023-05-04T13:21:01+00:00\",\"dateModified\":\"2025-01-06T10:42:21+00:00\",\"description\":\"Disfruta de nuestra PROMOCI\u00d3N WELCOME PACK y ll\u00e9vate GRATIS tu CASCO, CHAQUETA y GUANTES por la compra de nuestros modelos UM.\",\"breadcrumb\":{\"@id\":\"https:\\\/\\\/umiberica.com\\\/es\\\/welcome-pack\\\/#breadcrumb\"},\"inLanguage\":\"es\",\"potentialAction\":[{\"@type\":\"ReadAction\",\"target\":[\"https:\\\/\\\/umiberica.com\\\/es\\\/welcome-pack\\\/\"]}]},{\"@type\":\"ImageObject\",\"inLanguage\":\"es\",\"@id\":\"https:\\\/\\\/umiberica.com\\\/es\\\/welcome-pack\\\/#primaryimage\",\"url\":\"https:\\\/\\\/umiberica.com\\\/es\\\/wp-content\\\/uploads\\\/2023\\\/05\\\/ENCABEZADO-WELCOME-PACK-MOVIL-1.jpg\",\"contentUrl\":\"https:\\\/\\\/umiberica.com\\\/es\\\/wp-content\\\/uploads\\\/2023\\\/05\\\/ENCABEZADO-WELCOME-PACK-MOVIL-1.jpg\",\"width\":1080,\"height\":1080,\"caption\":\"ENCABEZADO-WELCOME-PACK-MOVIL\"},{\"@type\":\"BreadcrumbList\",\"@id\":\"https:\\\/\\\/umiberica.com\\\/es\\\/welcome-pack\\\/#breadcrumb\",\"itemListElement\":[{\"@type\":\"ListItem\",\"position\":1,\"name\":\"In\u00edcio\",\"item\":\"https:\\\/\\\/umiberica.com\\\/es\\\/\"},{\"@type\":\"ListItem\",\"position\":2,\"name\":\"PROMOCI\u00d3N WELCOME PACK\"}]},{\"@type\":\"WebSite\",\"@id\":\"https:\\\/\\\/umiberica.com\\\/es\\\/#website\",\"url\":\"https:\\\/\\\/umiberica.com\\\/es\\\/\",\"name\":\"UM Motorcycles\",\"description\":\"Rebeldes con una causa distinta\",\"publisher\":{\"@id\":\"https:\\\/\\\/umiberica.com\\\/es\\\/#organization\"},\"potentialAction\":[{\"@type\":\"SearchAction\",\"target\":{\"@type\":\"EntryPoint\",\"urlTemplate\":\"https:\\\/\\\/umiberica.com\\\/es\\\/?s={search_term_string}\"},\"query-input\":{\"@type\":\"PropertyValueSpecification\",\"valueRequired\":true,\"valueName\":\"search_term_string\"}}],\"inLanguage\":\"es\"},{\"@type\":\"Organization\",\"@id\":\"https:\\\/\\\/umiberica.com\\\/es\\\/#organization\",\"name\":\"UM Motorcycles\",\"url\":\"https:\\\/\\\/umiberica.com\\\/es\\\/\",\"logo\":{\"@type\":\"ImageObject\",\"inLanguage\":\"es\",\"@id\":\"https:\\\/\\\/umiberica.com\\\/es\\\/#\\\/schema\\\/logo\\\/image\\\/\",\"url\":\"https:\\\/\\\/umiberica.com\\\/es\\\/wp-content\\\/uploads\\\/2020\\\/03\\\/um-motorcycles-home-share-1.jpg\",\"contentUrl\":\"https:\\\/\\\/umiberica.com\\\/es\\\/wp-content\\\/uploads\\\/2020\\\/03\\\/um-motorcycles-home-share-1.jpg\",\"width\":1534,\"height\":800,\"caption\":\"UM Motorcycles\"},\"image\":{\"@id\":\"https:\\\/\\\/umiberica.com\\\/es\\\/#\\\/schema\\\/logo\\\/image\\\/\"},\"sameAs\":[\"https:\\\/\\\/www.facebook.com\\\/umibericaes\\\/\",\"https:\\\/\\\/www.instagram.com\\\/ummotorcycles_es\\\/\"]}]}<\/script>\n<!-- \/ Yoast SEO plugin. -->","yoast_head_json":{"title":"PROMOCI\u00d3N WELCOME PACK - UM Motorcycles","description":"Disfruta de nuestra PROMOCI\u00d3N WELCOME PACK y ll\u00e9vate GRATIS tu CASCO, CHAQUETA y GUANTES por la compra de nuestros modelos UM.","robots":{"index":"index","follow":"follow","max-snippet":"max-snippet:-1","max-image-preview":"max-image-preview:large","max-video-preview":"max-video-preview:-1"},"canonical":"https:\/\/umiberica.com\/es\/welcome-pack\/","og_locale":"es_ES","og_type":"article","og_title":"PROMOCI\u00d3N WELCOME PACK - UM Motorcycles","og_description":"Disfruta de nuestra PROMOCI\u00d3N WELCOME PACK y ll\u00e9vate GRATIS tu CASCO, CHAQUETA y GUANTES por la compra de nuestros modelos UM.","og_url":"https:\/\/umiberica.com\/es\/welcome-pack\/","og_site_name":"UM Motorcycles","article_publisher":"https:\/\/www.facebook.com\/umibericaes\/","article_modified_time":"2025-01-06T10:42:21+00:00","og_image":[{"width":1080,"height":1080,"url":"https:\/\/umiberica.com\/es\/wp-content\/uploads\/2023\/05\/ENCABEZADO-WELCOME-PACK-MOVIL-1.jpg","type":"image\/jpeg"}],"twitter_card":"summary_large_image","twitter_misc":{"Tiempo de lectura":"4 minutos"},"schema":{"@context":"https:\/\/schema.org","@graph":[{"@type":"WebPage","@id":"https:\/\/umiberica.com\/es\/welcome-pack\/","url":"https:\/\/umiberica.com\/es\/welcome-pack\/","name":"PROMOCI\u00d3N WELCOME PACK - UM Motorcycles","isPartOf":{"@id":"https:\/\/umiberica.com\/es\/#website"},"primaryImageOfPage":{"@id":"https:\/\/umiberica.com\/es\/welcome-pack\/#primaryimage"},"image":{"@id":"https:\/\/umiberica.com\/es\/welcome-pack\/#primaryimage"},"thumbnailUrl":"https:\/\/umiberica.com\/es\/wp-content\/uploads\/2023\/05\/ENCABEZADO-WELCOME-PACK-MOVIL-1.jpg","datePublished":"2023-05-04T13:21:01+00:00","dateModified":"2025-01-06T10:42:21+00:00","description":"Disfruta de nuestra PROMOCI\u00d3N WELCOME PACK y ll\u00e9vate GRATIS tu CASCO, CHAQUETA y GUANTES por la compra de nuestros modelos UM.","breadcrumb":{"@id":"https:\/\/umiberica.com\/es\/welcome-pack\/#breadcrumb"},"inLanguage":"es","potentialAction":[{"@type":"ReadAction","target":["https:\/\/umiberica.com\/es\/welcome-pack\/"]}]},{"@type":"ImageObject","inLanguage":"es","@id":"https:\/\/umiberica.com\/es\/welcome-pack\/#primaryimage","url":"https:\/\/umiberica.com\/es\/wp-content\/uploads\/2023\/05\/ENCABEZADO-WELCOME-PACK-MOVIL-1.jpg","contentUrl":"https:\/\/umiberica.com\/es\/wp-content\/uploads\/2023\/05\/ENCABEZADO-WELCOME-PACK-MOVIL-1.jpg","width":1080,"height":1080,"caption":"ENCABEZADO-WELCOME-PACK-MOVIL"},{"@type":"BreadcrumbList","@id":"https:\/\/umiberica.com\/es\/welcome-pack\/#breadcrumb","itemListElement":[{"@type":"ListItem","position":1,"name":"In\u00edcio","item":"https:\/\/umiberica.com\/es\/"},{"@type":"ListItem","position":2,"name":"PROMOCI\u00d3N WELCOME PACK"}]},{"@type":"WebSite","@id":"https:\/\/umiberica.com\/es\/#website","url":"https:\/\/umiberica.com\/es\/","name":"UM Motorcycles","description":"Rebeldes con una causa distinta","publisher":{"@id":"https:\/\/umiberica.com\/es\/#organization"},"potentialAction":[{"@type":"SearchAction","target":{"@type":"EntryPoint","urlTemplate":"https:\/\/umiberica.com\/es\/?s={search_term_string}"},"query-input":{"@type":"PropertyValueSpecification","valueRequired":true,"valueName":"search_term_string"}}],"inLanguage":"es"},{"@type":"Organization","@id":"https:\/\/umiberica.com\/es\/#organization","name":"UM Motorcycles","url":"https:\/\/umiberica.com\/es\/","logo":{"@type":"ImageObject","inLanguage":"es","@id":"https:\/\/umiberica.com\/es\/#\/schema\/logo\/image\/","url":"https:\/\/umiberica.com\/es\/wp-content\/uploads\/2020\/03\/um-motorcycles-home-share-1.jpg","contentUrl":"https:\/\/umiberica.com\/es\/wp-content\/uploads\/2020\/03\/um-motorcycles-home-share-1.jpg","width":1534,"height":800,"caption":"UM Motorcycles"},"image":{"@id":"https:\/\/umiberica.com\/es\/#\/schema\/logo\/image\/"},"sameAs":["https:\/\/www.facebook.com\/umibericaes\/","https:\/\/www.instagram.com\/ummotorcycles_es\/"]}]}},"_links":{"self":[{"href":"https:\/\/umiberica.com\/es\/wp-json\/wp\/v2\/pages\/18854","targetHints":{"allow":["GET"]}}],"collection":[{"href":"https:\/\/umiberica.com\/es\/wp-json\/wp\/v2\/pages"}],"about":[{"href":"https:\/\/umiberica.com\/es\/wp-json\/wp\/v2\/types\/page"}],"author":[{"embeddable":true,"href":"https:\/\/umiberica.com\/es\/wp-json\/wp\/v2\/users\/2"}],"replies":[{"embeddable":true,"href":"https:\/\/umiberica.com\/es\/wp-json\/wp\/v2\/comments?post=18854"}],"version-history":[{"count":78,"href":"https:\/\/umiberica.com\/es\/wp-json\/wp\/v2\/pages\/18854\/revisions"}],"predecessor-version":[{"id":20023,"href":"https:\/\/umiberica.com\/es\/wp-json\/wp\/v2\/pages\/18854\/revisions\/20023"}],"wp:featuredmedia":[{"embeddable":true,"href":"https:\/\/umiberica.com\/es\/wp-json\/wp\/v2\/media\/18908"}],"wp:attachment":[{"href":"https:\/\/umiberica.com\/es\/wp-json\/wp\/v2\/media?parent=18854"}],"curies":[{"name":"wp","href":"https:\/\/api.w.org\/{rel}","templated":true}]}}