{"id":996,"date":"2017-09-22T13:16:43","date_gmt":"2017-09-22T13:16:43","guid":{"rendered":"http:\/\/dummy.xtemos.com\/woodmart\/demos\/?page_id=996"},"modified":"2023-02-13T18:43:37","modified_gmt":"2023-02-13T17:43:37","slug":"el-legado","status":"publish","type":"page","link":"https:\/\/umiberica.com\/es\/el-legado\/","title":{"rendered":"El Legado"},"content":{"rendered":"<div class=\"wpb-content-wrapper\"><p>[vc_row full_width=&#8221;stretch_row_content_no_spaces&#8221; css=&#8221;.vc_custom_1580988214265{margin-top: -80px !important;}&#8221;][vc_column][vc_single_image image=&#8221;17199&#8243; img_size=&#8221;full&#8221;][\/vc_column][\/vc_row][vc_row full_width=&#8221;stretch_row&#8221; css=&#8221;.vc_custom_1580988164402{margin-top: -80px !important;}&#8221;][vc_column width=&#8221;2\/3&#8243;]\t\t\t<div id=\"wd-69f2870b4de92\" class=\"wd-text-block-wrapper wd-wpb color-scheme-custom text-left \">\n\t\t\t\t<div class=\"woodmart-title-container woodmart-text-block reset-last-child font-primary wd-font-weight-400 wd-fontsize-xl\">\n\t\t\t\t\tREBELDES CON UNA CAUSA DISTINTA\t\t\t\t<\/div>\n\n\t\t\t\t\t\t\t<\/div>\n\t\t[vc_column_text text_larger=&#8221;yes&#8221;]UM es una marca de motocicletas nacida en los USA fundada por la familia Villegas, a principios del a\u00f1o 2000. Es justo decir que el inicio de la marca UM estuvo fuertemente marcada por el patriarca de la familia, el Sr. Octavio Villegas Llano, quien desde sus primeros a\u00f1os so\u00f1aba con crear posibilidades de transporte y, convirti\u00e9ndose en un importante empresario en el sector automotriz, fund\u00f3 distribuidores de veh\u00edculos asi\u00e1ticos y veh\u00edculos de transporte p\u00fablico con tres ruedas.<\/p>\n<p>Inspirado en las precarias condiciones de vida de la poblaci\u00f3n latinoamericana de mediados del siglo XX, Octavio Villegas Llano siempre se ha preocupado por crear y ofrecer medios de transporte accesibles a la poblaci\u00f3n con ingresos medios y bajos con la esperanza de mejorar sus vidas.[\/vc_column_text][\/vc_column][vc_column width=&#8221;1\/3&#8243;][vc_single_image image=&#8221;17192&#8243; img_size=&#8221;full&#8221; alignment=&#8221;center&#8221;][\/vc_column][\/vc_row][vc_row full_width=&#8221;stretch_row&#8221; css=&#8221;.vc_custom_1580987886154{margin-top: -80px !important;background-color: #f9f9f9 !important;}&#8221;][vc_column width=&#8221;1\/3&#8243;][vc_single_image image=&#8221;17209&#8243; img_size=&#8221;full&#8221; alignment=&#8221;center&#8221;][\/vc_column][vc_column width=&#8221;2\/3&#8243;]\t\t\t<div id=\"wd-69f2870b4dee7\" class=\"wd-text-block-wrapper wd-wpb color-scheme-custom text-left \">\n\t\t\t\t<div class=\"woodmart-title-container woodmart-text-block reset-last-child font-primary wd-font-weight-400 wd-fontsize-xl\">\n\t\t\t\t\tDISE\u00d1O AUDAZ Y ACTUAL\t\t\t\t<\/div>\n\n\t\t\t\t\t\t\t<\/div>\n\t\t[vc_column_text text_larger=&#8221;yes&#8221;]Desde los primeros d\u00edas de la marca UM, sus fundadores se dieron cuenta de que sin innovar la marca no llegar\u00eda a la visi\u00f3n de la Compa\u00f1\u00eda de hacer de la motocicleta un elemento central en la vida de sus clientes, simplemente permanecer\u00eda como un elemento de transporte no diferente de otras marcas.<\/p>\n<p>Por eso, en el aspecto est\u00e9tico, un dise\u00f1o impresionante ha sido y ser\u00e1 siempre un factor principal en la esencia del producto UM. En el lado pr\u00e1ctico, las innovaciones en seguridad y comodidad ser\u00e1n tan importantes. La marca UM tiene su propio equipo de dise\u00f1o y trabaja con casas de dise\u00f1o de clase mundial y dise\u00f1adores para lograr su objetivo: crear una motocicleta de aspiraci\u00f3n asequible para todos.[\/vc_column_text][\/vc_column][\/vc_row][vc_row full_width=&#8221;stretch_row&#8221; css=&#8221;.vc_custom_1580988180992{margin-top: -80px !important;background-color: #f3f3f3 !important;}&#8221;][vc_column width=&#8221;2\/3&#8243;]\t\t\t<div id=\"wd-69f2870b4df09\" class=\"wd-text-block-wrapper wd-wpb color-scheme-custom text-left \">\n\t\t\t\t<div class=\"woodmart-title-container woodmart-text-block reset-last-child font-primary wd-font-weight-400 wd-fontsize-xl\">\n\t\t\t\t\tMOTOS EMOCIONANTES QUE MUEVEN A NUESTROS MOTEROS\t\t\t\t<\/div>\n\n\t\t\t\t\t\t\t<\/div>\n\t\t[vc_column_text text_larger=&#8221;yes&#8221;]Innovaciones clave como el sistema de seguridad LED 360, SAM y UM ComfortGel Seat han sido creados por ingenieros y dise\u00f1adores de UM con el \u00fanico objetivo de hacer la experiencia de conducci\u00f3n del cliente m\u00e1s segura y c\u00f3moda. Una ola revolucionaria de nuevas innovaciones est\u00e1 en camino en el Equipo de I + D de la UM para que en los pr\u00f3ximos a\u00f1os la marca de la UM pueda impactar la vida de millones de clientes que ver\u00e1n siempre en los productos UM un signo distintivo de respeto y comprensi\u00f3n por su diario Actividades, tray\u00e9ndoles productividad, orgullo y alegr\u00eda como ninguna otra marca de moto ha hecho nunca. Para la familia UM, el viaje acaba de comenzar.[\/vc_column_text][\/vc_column][vc_column width=&#8221;1\/3&#8243;][vc_single_image image=&#8221;17212&#8243; img_size=&#8221;full&#8221; alignment=&#8221;center&#8221;][\/vc_column][\/vc_row][vc_row full_width=&#8221;stretch_row&#8221; css=&#8221;.vc_custom_1580988422172{margin-top: -80px !important;}&#8221;][vc_column width=&#8221;1\/3&#8243;][vc_single_image image=&#8221;17217&#8243; img_size=&#8221;full&#8221; alignment=&#8221;center&#8221;][\/vc_column][vc_column width=&#8221;2\/3&#8243;]\t\t\t<div id=\"wd-69f2870b4df28\" class=\"wd-text-block-wrapper wd-wpb color-scheme-custom text-left \">\n\t\t\t\t<div class=\"woodmart-title-container woodmart-text-block reset-last-child font-primary wd-font-weight-400 wd-fontsize-xl\">\n\t\t\t\t\tIMPULSAR LOS L\u00cdMITES DE LA INNOVAC\u00cdON\t\t\t\t<\/div>\n\n\t\t\t\t\t\t\t<\/div>\n\t\t[vc_column_text text_larger=&#8221;yes&#8221;]En UM, nos esforzamos por ser m\u00e1s que una empresa de motocicletas de clase mundial. Al empujar los l\u00edmites de la innovaci\u00f3n, ofreciendo un dise\u00f1o estimulante a precios asequibles, ofreciendo un servicio confiable y una diversi\u00f3n seria, creamos algo m\u00e1s grande que nosotros mismos.<\/p>\n<p>Creamos un sentimiento compartido por los asociados y corredores de la UM por igual en todo el mundo, una energ\u00eda de entusiasmo y camarader\u00eda que nos diferencia del status quo. Es esta energ\u00eda la que nos une y nos lleva a la vanguardia.[\/vc_column_text][\/vc_column][\/vc_row][vc_row full_width=&#8221;stretch_row&#8221; css=&#8221;.vc_custom_1580988960553{background-color: #f3f3f3 !important;}&#8221;][vc_column width=&#8221;2\/3&#8243;]\t\t\t<div id=\"wd-69f2870b4df47\" class=\"wd-text-block-wrapper wd-wpb color-scheme-custom text-left \">\n\t\t\t\t<div class=\"woodmart-title-container woodmart-text-block reset-last-child font-primary wd-font-weight-400 wd-fontsize-xl\">\n\t\t\t\t\t\u00daNETE A NUESTRO MUNDO Y DESCUBRE LA CALIDAD, EL SERVICIO Y LA EXPERIENCIA \u00daNICA\t\t\t\t<\/div>\n\n\t\t\t\t\t\t\t<\/div>\n\t\t[vc_column_text text_larger=&#8221;yes&#8221;]UM ofrece productos de alta calidad con cobertura de garant\u00eda pendiente de manera responsable y eficaz. Nos esforzamos por asegurar que nuestros clientes reciban un soporte consistente y servicio post-venta satisfactorio en todos nuestros distribuidores.<\/p>\n<p>Para obtener m\u00e1s informaci\u00f3n sobre nuestra garant\u00eda, p\u00f3ngase en contacto con su <a href=\"\/es\/concesionarios\/\">distribuidor<\/a> m\u00e1s cercano.[\/vc_column_text][vc_empty_space height=&#8221;20px&#8221;][\/vc_column][vc_column width=&#8221;1\/3&#8243;][vc_empty_space height=&#8221;20px&#8221;][vc_single_image image=&#8221;17221&#8243; img_size=&#8221;full&#8221; alignment=&#8221;center&#8221;][\/vc_column][\/vc_row][vc_row full_width=&#8221;stretch_row&#8221; woodmart_bg_position=&#8221;center-center&#8221; bg_type=&#8221;image&#8221; bg_override=&#8221;ex-full&#8221; enable_overlay=&#8221;enable_overlay_value&#8221; overlay_color=&#8221;#eb7638&#8243; overlay_pattern=&#8221;01.png&#8221; overlay_pattern_opacity=&#8221;100&#8243; css=&#8221;.vc_custom_1579879558788{margin-bottom: -40px !important;background-image: url(https:\/\/umiberica.com\/es\/wp-content\/uploads\/2020\/01\/Manchester-map-preview-1.png?id=16637) !important;}&#8221;][vc_column width=&#8221;1\/6&#8243;][\/vc_column][vc_column width=&#8221;2\/3&#8243;][vc_empty_space height=&#8221;60px&#8221;]<div id=\"wd-69f2870b4df81\" class=\"  wd-button-wrapper text-center\"><a href=\"\/es\/concesionarios\/\" title=\"\" style=\"--btn-color:#333;--btn-color-hover:#fff;\" class=\"btn btn-style-default btn-shape-rectangle btn-size-default\">\u00a1Encuentra el concesionario m\u00e1s cercano aqu\u00ed!<\/a><\/div>[vc_empty_space height=&#8221;100px&#8221;][\/vc_column][vc_column width=&#8221;1\/6&#8243;][\/vc_column][\/vc_row]<\/p>\n<\/div>","protected":false},"excerpt":{"rendered":"<p>[vc_row full_width=&#8221;stretch_row_content_no_spaces&#8221; css=&#8221;.vc_custom_1580988214265{margin-top: -80px !important;}&#8221;][vc_column][vc_single_image image=&#8221;17199&#8243; img_size=&#8221;full&#8221;][\/vc_column][\/vc_row][vc_row full_width=&#8221;stretch_row&#8221; css=&#8221;.vc_custom_1580988164402{margin-top: -80px !important;}&#8221;][vc_column width=&#8221;2\/3&#8243;][vc_column_text text_larger=&#8221;yes&#8221;]UM es una marca de motocicletas nacida en<\/p>\n","protected":false},"author":2,"featured_media":17679,"parent":0,"menu_order":0,"comment_status":"closed","ping_status":"closed","template":"","meta":{"footnotes":""},"class_list":["post-996","page","type-page","status-publish","has-post-thumbnail","hentry"],"yoast_head":"<!-- This site is optimized with the Yoast SEO plugin v27.3 - https:\/\/yoast.com\/product\/yoast-seo-wordpress\/ -->\n<title>El Legado - UM Motorcycles<\/title>\n<meta name=\"description\" content=\"Rebeldes con una causa distinta!\" \/>\n<meta name=\"robots\" content=\"index, follow, max-snippet:-1, max-image-preview:large, max-video-preview:-1\" \/>\n<link rel=\"canonical\" href=\"https:\/\/umiberica.com\/es\/el-legado\/\" \/>\n<meta property=\"og:locale\" content=\"es_ES\" \/>\n<meta property=\"og:type\" content=\"article\" \/>\n<meta property=\"og:title\" content=\"El Legado - UM Motorcycles\" \/>\n<meta property=\"og:description\" content=\"Rebeldes con una causa distinta!\" \/>\n<meta property=\"og:url\" content=\"https:\/\/umiberica.com\/es\/el-legado\/\" \/>\n<meta property=\"og:site_name\" content=\"UM Motorcycles\" \/>\n<meta property=\"article:publisher\" content=\"https:\/\/www.facebook.com\/umibericaes\/\" \/>\n<meta property=\"article:modified_time\" content=\"2023-02-13T17:43:37+00:00\" \/>\n<meta property=\"og:image\" content=\"https:\/\/umiberica.com\/es\/wp-content\/uploads\/2020\/03\/um-motorcycles-home-share-1.jpg\" \/>\n\t<meta property=\"og:image:width\" content=\"1534\" \/>\n\t<meta property=\"og:image:height\" content=\"800\" \/>\n\t<meta property=\"og:image:type\" content=\"image\/jpeg\" \/>\n<meta name=\"twitter:card\" content=\"summary_large_image\" \/>\n<meta name=\"twitter:label1\" content=\"Tiempo de lectura\" \/>\n\t<meta name=\"twitter:data1\" content=\"3 minutos\" \/>\n<script type=\"application\/ld+json\" class=\"yoast-schema-graph\">{\"@context\":\"https:\\\/\\\/schema.org\",\"@graph\":[{\"@type\":\"WebPage\",\"@id\":\"https:\\\/\\\/umiberica.com\\\/es\\\/el-legado\\\/\",\"url\":\"https:\\\/\\\/umiberica.com\\\/es\\\/el-legado\\\/\",\"name\":\"El Legado - UM Motorcycles\",\"isPartOf\":{\"@id\":\"https:\\\/\\\/umiberica.com\\\/es\\\/#website\"},\"primaryImageOfPage\":{\"@id\":\"https:\\\/\\\/umiberica.com\\\/es\\\/el-legado\\\/#primaryimage\"},\"image\":{\"@id\":\"https:\\\/\\\/umiberica.com\\\/es\\\/el-legado\\\/#primaryimage\"},\"thumbnailUrl\":\"https:\\\/\\\/umiberica.com\\\/es\\\/wp-content\\\/uploads\\\/2020\\\/03\\\/um-motorcycles-home-share-1.jpg\",\"datePublished\":\"2017-09-22T13:16:43+00:00\",\"dateModified\":\"2023-02-13T17:43:37+00:00\",\"description\":\"Rebeldes con una causa distinta!\",\"breadcrumb\":{\"@id\":\"https:\\\/\\\/umiberica.com\\\/es\\\/el-legado\\\/#breadcrumb\"},\"inLanguage\":\"es\",\"potentialAction\":[{\"@type\":\"ReadAction\",\"target\":[\"https:\\\/\\\/umiberica.com\\\/es\\\/el-legado\\\/\"]}]},{\"@type\":\"ImageObject\",\"inLanguage\":\"es\",\"@id\":\"https:\\\/\\\/umiberica.com\\\/es\\\/el-legado\\\/#primaryimage\",\"url\":\"https:\\\/\\\/umiberica.com\\\/es\\\/wp-content\\\/uploads\\\/2020\\\/03\\\/um-motorcycles-home-share-1.jpg\",\"contentUrl\":\"https:\\\/\\\/umiberica.com\\\/es\\\/wp-content\\\/uploads\\\/2020\\\/03\\\/um-motorcycles-home-share-1.jpg\",\"width\":1534,\"height\":800},{\"@type\":\"BreadcrumbList\",\"@id\":\"https:\\\/\\\/umiberica.com\\\/es\\\/el-legado\\\/#breadcrumb\",\"itemListElement\":[{\"@type\":\"ListItem\",\"position\":1,\"name\":\"In\u00edcio\",\"item\":\"https:\\\/\\\/umiberica.com\\\/es\\\/\"},{\"@type\":\"ListItem\",\"position\":2,\"name\":\"El Legado\"}]},{\"@type\":\"WebSite\",\"@id\":\"https:\\\/\\\/umiberica.com\\\/es\\\/#website\",\"url\":\"https:\\\/\\\/umiberica.com\\\/es\\\/\",\"name\":\"UM Motorcycles\",\"description\":\"Rebeldes con una causa distinta\",\"publisher\":{\"@id\":\"https:\\\/\\\/umiberica.com\\\/es\\\/#organization\"},\"potentialAction\":[{\"@type\":\"SearchAction\",\"target\":{\"@type\":\"EntryPoint\",\"urlTemplate\":\"https:\\\/\\\/umiberica.com\\\/es\\\/?s={search_term_string}\"},\"query-input\":{\"@type\":\"PropertyValueSpecification\",\"valueRequired\":true,\"valueName\":\"search_term_string\"}}],\"inLanguage\":\"es\"},{\"@type\":\"Organization\",\"@id\":\"https:\\\/\\\/umiberica.com\\\/es\\\/#organization\",\"name\":\"UM Motorcycles\",\"url\":\"https:\\\/\\\/umiberica.com\\\/es\\\/\",\"logo\":{\"@type\":\"ImageObject\",\"inLanguage\":\"es\",\"@id\":\"https:\\\/\\\/umiberica.com\\\/es\\\/#\\\/schema\\\/logo\\\/image\\\/\",\"url\":\"https:\\\/\\\/umiberica.com\\\/es\\\/wp-content\\\/uploads\\\/2020\\\/03\\\/um-motorcycles-home-share-1.jpg\",\"contentUrl\":\"https:\\\/\\\/umiberica.com\\\/es\\\/wp-content\\\/uploads\\\/2020\\\/03\\\/um-motorcycles-home-share-1.jpg\",\"width\":1534,\"height\":800,\"caption\":\"UM Motorcycles\"},\"image\":{\"@id\":\"https:\\\/\\\/umiberica.com\\\/es\\\/#\\\/schema\\\/logo\\\/image\\\/\"},\"sameAs\":[\"https:\\\/\\\/www.facebook.com\\\/umibericaes\\\/\",\"https:\\\/\\\/www.instagram.com\\\/ummotorcycles_es\\\/\"]}]}<\/script>\n<!-- \/ Yoast SEO plugin. -->","yoast_head_json":{"title":"El Legado - UM Motorcycles","description":"Rebeldes con una causa distinta!","robots":{"index":"index","follow":"follow","max-snippet":"max-snippet:-1","max-image-preview":"max-image-preview:large","max-video-preview":"max-video-preview:-1"},"canonical":"https:\/\/umiberica.com\/es\/el-legado\/","og_locale":"es_ES","og_type":"article","og_title":"El Legado - UM Motorcycles","og_description":"Rebeldes con una causa distinta!","og_url":"https:\/\/umiberica.com\/es\/el-legado\/","og_site_name":"UM Motorcycles","article_publisher":"https:\/\/www.facebook.com\/umibericaes\/","article_modified_time":"2023-02-13T17:43:37+00:00","og_image":[{"width":1534,"height":800,"url":"https:\/\/umiberica.com\/es\/wp-content\/uploads\/2020\/03\/um-motorcycles-home-share-1.jpg","type":"image\/jpeg"}],"twitter_card":"summary_large_image","twitter_misc":{"Tiempo de lectura":"3 minutos"},"schema":{"@context":"https:\/\/schema.org","@graph":[{"@type":"WebPage","@id":"https:\/\/umiberica.com\/es\/el-legado\/","url":"https:\/\/umiberica.com\/es\/el-legado\/","name":"El Legado - UM Motorcycles","isPartOf":{"@id":"https:\/\/umiberica.com\/es\/#website"},"primaryImageOfPage":{"@id":"https:\/\/umiberica.com\/es\/el-legado\/#primaryimage"},"image":{"@id":"https:\/\/umiberica.com\/es\/el-legado\/#primaryimage"},"thumbnailUrl":"https:\/\/umiberica.com\/es\/wp-content\/uploads\/2020\/03\/um-motorcycles-home-share-1.jpg","datePublished":"2017-09-22T13:16:43+00:00","dateModified":"2023-02-13T17:43:37+00:00","description":"Rebeldes con una causa distinta!","breadcrumb":{"@id":"https:\/\/umiberica.com\/es\/el-legado\/#breadcrumb"},"inLanguage":"es","potentialAction":[{"@type":"ReadAction","target":["https:\/\/umiberica.com\/es\/el-legado\/"]}]},{"@type":"ImageObject","inLanguage":"es","@id":"https:\/\/umiberica.com\/es\/el-legado\/#primaryimage","url":"https:\/\/umiberica.com\/es\/wp-content\/uploads\/2020\/03\/um-motorcycles-home-share-1.jpg","contentUrl":"https:\/\/umiberica.com\/es\/wp-content\/uploads\/2020\/03\/um-motorcycles-home-share-1.jpg","width":1534,"height":800},{"@type":"BreadcrumbList","@id":"https:\/\/umiberica.com\/es\/el-legado\/#breadcrumb","itemListElement":[{"@type":"ListItem","position":1,"name":"In\u00edcio","item":"https:\/\/umiberica.com\/es\/"},{"@type":"ListItem","position":2,"name":"El Legado"}]},{"@type":"WebSite","@id":"https:\/\/umiberica.com\/es\/#website","url":"https:\/\/umiberica.com\/es\/","name":"UM Motorcycles","description":"Rebeldes con una causa distinta","publisher":{"@id":"https:\/\/umiberica.com\/es\/#organization"},"potentialAction":[{"@type":"SearchAction","target":{"@type":"EntryPoint","urlTemplate":"https:\/\/umiberica.com\/es\/?s={search_term_string}"},"query-input":{"@type":"PropertyValueSpecification","valueRequired":true,"valueName":"search_term_string"}}],"inLanguage":"es"},{"@type":"Organization","@id":"https:\/\/umiberica.com\/es\/#organization","name":"UM Motorcycles","url":"https:\/\/umiberica.com\/es\/","logo":{"@type":"ImageObject","inLanguage":"es","@id":"https:\/\/umiberica.com\/es\/#\/schema\/logo\/image\/","url":"https:\/\/umiberica.com\/es\/wp-content\/uploads\/2020\/03\/um-motorcycles-home-share-1.jpg","contentUrl":"https:\/\/umiberica.com\/es\/wp-content\/uploads\/2020\/03\/um-motorcycles-home-share-1.jpg","width":1534,"height":800,"caption":"UM Motorcycles"},"image":{"@id":"https:\/\/umiberica.com\/es\/#\/schema\/logo\/image\/"},"sameAs":["https:\/\/www.facebook.com\/umibericaes\/","https:\/\/www.instagram.com\/ummotorcycles_es\/"]}]}},"_links":{"self":[{"href":"https:\/\/umiberica.com\/es\/wp-json\/wp\/v2\/pages\/996","targetHints":{"allow":["GET"]}}],"collection":[{"href":"https:\/\/umiberica.com\/es\/wp-json\/wp\/v2\/pages"}],"about":[{"href":"https:\/\/umiberica.com\/es\/wp-json\/wp\/v2\/types\/page"}],"author":[{"embeddable":true,"href":"https:\/\/umiberica.com\/es\/wp-json\/wp\/v2\/users\/2"}],"replies":[{"embeddable":true,"href":"https:\/\/umiberica.com\/es\/wp-json\/wp\/v2\/comments?post=996"}],"version-history":[{"count":68,"href":"https:\/\/umiberica.com\/es\/wp-json\/wp\/v2\/pages\/996\/revisions"}],"predecessor-version":[{"id":18735,"href":"https:\/\/umiberica.com\/es\/wp-json\/wp\/v2\/pages\/996\/revisions\/18735"}],"wp:featuredmedia":[{"embeddable":true,"href":"https:\/\/umiberica.com\/es\/wp-json\/wp\/v2\/media\/17679"}],"wp:attachment":[{"href":"https:\/\/umiberica.com\/es\/wp-json\/wp\/v2\/media?parent=996"}],"curies":[{"name":"wp","href":"https:\/\/api.w.org\/{rel}","templated":true}]}}