{"id":15189,"date":"2018-10-12T17:13:00","date_gmt":"2018-10-12T17:13:00","guid":{"rendered":"https:\/\/novo.umiberica.com\/pt\/?page_id=15189"},"modified":"2025-01-02T17:55:22","modified_gmt":"2025-01-02T17:55:22","slug":"cruiser","status":"publish","type":"page","link":"https:\/\/umiberica.com\/pt\/cruiser\/","title":{"rendered":"Cruiser"},"content":{"rendered":"<div class=\"wpb-content-wrapper\"><p>[vc_row full_width=&#8221;stretch_row&#8221; content_placement=&#8221;top&#8221; woodmart_bg_position=&#8221;center-top&#8221; bg_type=&#8221;image&#8221; enable_overlay=&#8221;enable_overlay_value&#8221; overlay_color=&#8221;#2b2d86&#8243; overlay_pattern=&#8221;01.png&#8221; css=&#8221;.vc_custom_1579884955076{margin-top: -40px !important;padding-top: 0px !important;background-color: #eb7638 !important;}&#8221;][vc_column width=&#8221;1\/2&#8243; css=&#8221;.vc_custom_1538671159967{background-position: center !important;background-repeat: no-repeat !important;background-size: cover !important;}&#8221;]\t\t\t<div id=\"wd-69f8921de0d2a\" class=\"wd-text-block-wrapper wd-wpb color-scheme-custom text-left \">\n\t\t\t\t<div class=\"woodmart-title-container woodmart-text-block reset-last-child font-primary wd-font-weight-400 wd-fontsize-xl\">\n\t\t\t\t\tGAMA <strong>CRUISER<\/strong>\t\t\t\t<\/div>\n\n\t\t\t\t\t\t\t<\/div>\n\t\t[\/vc_column][vc_column width=&#8221;1\/2&#8243;][\/vc_column][\/vc_row][vc_row][vc_column][vc_empty_space][\/vc_column][\/vc_row][vc_row css=&#8221;.vc_custom_1539767177508{margin-top: -20px !important;}&#8221;][vc_column width=&#8221;1\/5&#8243;][\/vc_column][vc_column width=&#8221;1\/5&#8243;][\/vc_column][vc_column width=&#8221;1\/5&#8243;][\/vc_column][vc_column width=&#8221;1\/5&#8243;][\/vc_column][vc_column width=&#8221;1\/4&#8243;][vc_single_image image=&#8221;18841&#8243; img_size=&#8221;full&#8221; alignment=&#8221;center&#8221; onclick=&#8221;custom_link&#8221; css=&#8221;.vc_custom_1686652078668{margin-top: -20px !important;}&#8221; link=&#8221;\/pt\/cruiser\/renegade-freedom\/&#8221;][vc_custom_heading text=&#8221;<strong>RENEGADE FREEDOM<\/strong>&#8221; font_container=&#8221;tag:h4|font_size:16px|text_align:center|color:%23212121&#8243; use_theme_fonts=&#8221;yes&#8221; link=&#8221;url:https%3A%2F%2Fumiberica.com%2Fpt%2Fcruiser%2Frenegade-freedom%2F|title:Renegade%20Freedom||&#8221;][\/vc_column][vc_column width=&#8221;1\/4&#8243;][vc_single_image image=&#8221;18851&#8243; img_size=&#8221;full&#8221; alignment=&#8221;center&#8221; onclick=&#8221;custom_link&#8221; css=&#8221;.vc_custom_1686652002651{margin-top: -20px !important;}&#8221; link=&#8221;\/pt\/cruiser\/renegade-sport\/&#8221;][vc_custom_heading text=&#8221;<strong>RENEGADE SPORT<\/strong>&#8221; font_container=&#8221;tag:h4|font_size:16px|text_align:center|color:%23212121&#8243; use_theme_fonts=&#8221;yes&#8221; link=&#8221;url:%2Fpt%2Fcruiser%2Frenegade-sport%2F|||&#8221;][\/vc_column][vc_column width=&#8221;1\/4&#8243;][vc_single_image image=&#8221;18922&#8243; img_size=&#8221;full&#8221; alignment=&#8221;center&#8221; onclick=&#8221;custom_link&#8221; css=&#8221;.vc_custom_1686652196683{margin-top: -20px !important;}&#8221; link=&#8221;\/pt\/cruiser\/renegade-commando-classic\/&#8221;][vc_custom_heading text=&#8221;<strong>RENEGADE CLASSIC<\/strong>&#8221; font_container=&#8221;tag:h4|font_size:16px|text_align:center|color:%23212121&#8243; use_theme_fonts=&#8221;yes&#8221; link=&#8221;url:%2Fpt%2Fcruiser%2Frenegade-commando-classic%2F|||&#8221;][\/vc_column][vc_column width=&#8221;1\/4&#8243;][vc_single_image image=&#8221;18828&#8243; img_size=&#8221;full&#8221; alignment=&#8221;center&#8221; onclick=&#8221;custom_link&#8221; css=&#8221;.vc_custom_1686652254234{margin-top: -20px !important;}&#8221; link=&#8221;\/pt\/cruiser\/renegade-commando-classic-deluxe\/&#8221;][vc_custom_heading text=&#8221;<strong>RENEGADE CLASSIC DELUXE<\/strong>&#8221; font_container=&#8221;tag:h4|font_size:16px|text_align:center|color:%23212121&#8243; use_theme_fonts=&#8221;yes&#8221; link=&#8221;url:%2Fpt%2Fcruiser%2Frenegade-commando-classic-deluxe%2F|||&#8221;][\/vc_column][\/vc_row][vc_row][vc_column][vc_empty_space][vc_separator][vc_empty_space][\/vc_column][\/vc_row][vc_row css=&#8221;.vc_custom_1539767177508{margin-top: -20px !important;}&#8221;][vc_column width=&#8221;1\/4&#8243;][vc_single_image image=&#8221;18959&#8243; img_size=&#8221;full&#8221; alignment=&#8221;center&#8221; onclick=&#8221;custom_link&#8221; css=&#8221;.vc_custom_1687773479029{margin-top: -20px !important;}&#8221; link=&#8221;\/pt\/cruiser\/renegade-sport-s\/&#8221;][vc_custom_heading text=&#8221;<strong>RENEGADE SPORT S<\/strong>&#8221; font_container=&#8221;tag:h4|font_size:16px|text_align:center|color:%23212121&#8243; use_theme_fonts=&#8221;yes&#8221; link=&#8221;url:%2Fpt%2Fcruiser%2Frenegade-sport-s%2F|||&#8221;][\/vc_column][vc_column width=&#8221;1\/4&#8243;][vc_single_image image=&#8221;18847&#8243; img_size=&#8221;full&#8221; alignment=&#8221;center&#8221; onclick=&#8221;custom_link&#8221; css=&#8221;.vc_custom_1686652312899{margin-top: -20px !important;}&#8221; link=&#8221;\/pt\/cruiser\/renegade-commando\/&#8221;][vc_custom_heading text=&#8221;<strong>RENEGADE COMMANDO<\/strong>&#8221; font_container=&#8221;tag:h4|font_size:16px|text_align:center|color:%23212121&#8243; use_theme_fonts=&#8221;yes&#8221; link=&#8221;url:%2Fpt%2Fcruiser%2Frenegade-commando%2F|||&#8221;][\/vc_column][vc_column width=&#8221;1\/4&#8243;][vc_single_image image=&#8221;18835&#8243; img_size=&#8221;full&#8221; alignment=&#8221;center&#8221; onclick=&#8221;custom_link&#8221; css=&#8221;.vc_custom_1686652943658{margin-top: -20px !important;}&#8221; link=&#8221;\/pt\/cruiser\/renegade-vegas\/&#8221;][vc_custom_heading text=&#8221;<strong>RENEGADE VEGAS<\/strong>&#8221; font_container=&#8221;tag:h4|font_size:16px|text_align:center|color:%23212121&#8243; use_theme_fonts=&#8221;yes&#8221; link=&#8221;url:%2Fpt%2Fcruiser%2Frenegade-vegas%2F|||&#8221;][\/vc_column][vc_column width=&#8221;1\/4&#8243;][vc_single_image image=&#8221;19971&#8243; img_size=&#8221;full&#8221; alignment=&#8221;center&#8221; onclick=&#8221;custom_link&#8221; css=&#8221;.vc_custom_1735840471649{margin-top: -20px !important;}&#8221; link=&#8221;\/pt\/cruiser\/renegade-vegas-300\/&#8221; parallax_scroll=&#8221;no&#8221; woodmart_inline=&#8221;no&#8221;][vc_custom_heading text=&#8221;<strong>RENEGADE VEGAS 300<\/strong>&#8221; font_container=&#8221;tag:h4|font_size:16px|text_align:center|color:%23212121&#8243; use_theme_fonts=&#8221;yes&#8221; css=&#8221;&#8221; link=&#8221;url:https%3A%2F%2Fumiberica.com%2Fpt%2Fcruiser%2Frenegade-vegas-300%2F|title:Renegade%20Vegas%20300&#8243;][\/vc_column][\/vc_row][vc_row][vc_column][vc_empty_space][vc_separator][vc_empty_space][\/vc_column][\/vc_row][vc_row css=&#8221;.vc_custom_1539767177508{margin-top: -20px !important;}&#8221;][vc_column width=&#8221;1\/4&#8243;][vc_single_image image=&#8221;20045&#8243; img_size=&#8221;full&#8221; alignment=&#8221;center&#8221; onclick=&#8221;custom_link&#8221; css=&#8221;.vc_custom_1735840521329{margin-top: -20px !important;}&#8221; link=&#8221;https:\/\/umiberica.com\/pt\/cruiser\/renegade-commando-300\/&#8221; parallax_scroll=&#8221;no&#8221; woodmart_inline=&#8221;no&#8221;][vc_custom_heading text=&#8221;<strong>RENEGADE COMMANDO 300<\/strong>&#8221; font_container=&#8221;tag:h4|font_size:16px|text_align:center|color:%23212121&#8243; use_theme_fonts=&#8221;yes&#8221; css=&#8221;&#8221; link=&#8221;url:https%3A%2F%2Fumiberica.com%2Fpt%2Fcruiser%2Frenegade-commando-300%2F|title:Renegade%20Commando%20300&#8243;][\/vc_column][vc_column width=&#8221;1\/4&#8243;][\/vc_column][vc_column width=&#8221;1\/4&#8243;][\/vc_column][vc_column width=&#8221;1\/4&#8243;][\/vc_column][\/vc_row]<\/p>\n<\/div>","protected":false},"excerpt":{"rendered":"<p>[vc_row full_width=&#8221;stretch_row&#8221; content_placement=&#8221;top&#8221; woodmart_bg_position=&#8221;center-top&#8221; bg_type=&#8221;image&#8221; enable_overlay=&#8221;enable_overlay_value&#8221; overlay_color=&#8221;#2b2d86&#8243; overlay_pattern=&#8221;01.png&#8221; css=&#8221;.vc_custom_1579884955076{margin-top: -40px !important;padding-top: 0px !important;background-color: #eb7638 !important;}&#8221;][vc_column width=&#8221;1\/2&#8243; css=&#8221;.vc_custom_1538671159967{background-position: center !important;background-repeat: no-repeat<\/p>\n","protected":false},"author":2,"featured_media":0,"parent":0,"menu_order":0,"comment_status":"closed","ping_status":"closed","template":"","meta":{"footnotes":""},"class_list":["post-15189","page","type-page","status-publish","hentry"],"yoast_head":"<!-- This site is optimized with the Yoast SEO plugin v27.5 - https:\/\/yoast.com\/product\/yoast-seo-wordpress\/ -->\n<title>Cruiser - UM Motorcycles<\/title>\n<meta name=\"description\" content=\"J\u00e1 conheces a nossa gama RENEGADE? Esta fam\u00edlia \u00e9 caracterizada pela sua irrever\u00eancia, aspeto imponente e esp\u00edrito de aventura.\" \/>\n<meta name=\"robots\" content=\"index, follow, max-snippet:-1, max-image-preview:large, max-video-preview:-1\" \/>\n<link rel=\"canonical\" href=\"https:\/\/umiberica.com\/pt\/cruiser\/\" \/>\n<meta property=\"og:locale\" content=\"pt_PT\" \/>\n<meta property=\"og:type\" content=\"article\" \/>\n<meta property=\"og:title\" content=\"Cruiser - UM Motorcycles\" \/>\n<meta property=\"og:description\" content=\"J\u00e1 conheces a nossa gama RENEGADE? Esta fam\u00edlia \u00e9 caracterizada pela sua irrever\u00eancia, aspeto imponente e esp\u00edrito de aventura.\" \/>\n<meta property=\"og:url\" content=\"https:\/\/umiberica.com\/pt\/cruiser\/\" \/>\n<meta property=\"og:site_name\" content=\"UM Motorcycles\" \/>\n<meta property=\"article:publisher\" content=\"https:\/\/www.facebook.com\/umibericapt\/\" \/>\n<meta property=\"article:modified_time\" content=\"2025-01-02T17:55:22+00:00\" \/>\n<meta name=\"twitter:card\" content=\"summary_large_image\" \/>\n<meta name=\"twitter:label1\" content=\"Tempo estimado de leitura\" \/>\n\t<meta name=\"twitter:data1\" content=\"3 minutos\" \/>\n<script type=\"application\/ld+json\" class=\"yoast-schema-graph\">{\"@context\":\"https:\\\/\\\/schema.org\",\"@graph\":[{\"@type\":\"WebPage\",\"@id\":\"https:\\\/\\\/umiberica.com\\\/pt\\\/cruiser\\\/\",\"url\":\"https:\\\/\\\/umiberica.com\\\/pt\\\/cruiser\\\/\",\"name\":\"Cruiser - UM Motorcycles\",\"isPartOf\":{\"@id\":\"https:\\\/\\\/umiberica.com\\\/pt\\\/#website\"},\"datePublished\":\"2018-10-12T17:13:00+00:00\",\"dateModified\":\"2025-01-02T17:55:22+00:00\",\"description\":\"J\u00e1 conheces a nossa gama RENEGADE? Esta fam\u00edlia \u00e9 caracterizada pela sua irrever\u00eancia, aspeto imponente e esp\u00edrito de aventura.\",\"breadcrumb\":{\"@id\":\"https:\\\/\\\/umiberica.com\\\/pt\\\/cruiser\\\/#breadcrumb\"},\"inLanguage\":\"pt-PT\",\"potentialAction\":[{\"@type\":\"ReadAction\",\"target\":[\"https:\\\/\\\/umiberica.com\\\/pt\\\/cruiser\\\/\"]}]},{\"@type\":\"BreadcrumbList\",\"@id\":\"https:\\\/\\\/umiberica.com\\\/pt\\\/cruiser\\\/#breadcrumb\",\"itemListElement\":[{\"@type\":\"ListItem\",\"position\":1,\"name\":\"In\u00edcio\",\"item\":\"https:\\\/\\\/umiberica.com\\\/pt\\\/\"},{\"@type\":\"ListItem\",\"position\":2,\"name\":\"Cruiser\"}]},{\"@type\":\"WebSite\",\"@id\":\"https:\\\/\\\/umiberica.com\\\/pt\\\/#website\",\"url\":\"https:\\\/\\\/umiberica.com\\\/pt\\\/\",\"name\":\"UM Motorcycles\",\"description\":\"Rebeldes com uma causa distinta.\",\"publisher\":{\"@id\":\"https:\\\/\\\/umiberica.com\\\/pt\\\/#organization\"},\"potentialAction\":[{\"@type\":\"SearchAction\",\"target\":{\"@type\":\"EntryPoint\",\"urlTemplate\":\"https:\\\/\\\/umiberica.com\\\/pt\\\/?s={search_term_string}\"},\"query-input\":{\"@type\":\"PropertyValueSpecification\",\"valueRequired\":true,\"valueName\":\"search_term_string\"}}],\"inLanguage\":\"pt-PT\"},{\"@type\":\"Organization\",\"@id\":\"https:\\\/\\\/umiberica.com\\\/pt\\\/#organization\",\"name\":\"UM Motorcycles\",\"url\":\"https:\\\/\\\/umiberica.com\\\/pt\\\/\",\"logo\":{\"@type\":\"ImageObject\",\"inLanguage\":\"pt-PT\",\"@id\":\"https:\\\/\\\/umiberica.com\\\/pt\\\/#\\\/schema\\\/logo\\\/image\\\/\",\"url\":\"https:\\\/\\\/umiberica.com\\\/pt\\\/wp-content\\\/uploads\\\/2020\\\/03\\\/um-motorcycles-home-share-1.jpg\",\"contentUrl\":\"https:\\\/\\\/umiberica.com\\\/pt\\\/wp-content\\\/uploads\\\/2020\\\/03\\\/um-motorcycles-home-share-1.jpg\",\"width\":1534,\"height\":800,\"caption\":\"UM Motorcycles\"},\"image\":{\"@id\":\"https:\\\/\\\/umiberica.com\\\/pt\\\/#\\\/schema\\\/logo\\\/image\\\/\"},\"sameAs\":[\"https:\\\/\\\/www.facebook.com\\\/umibericapt\\\/\",\"https:\\\/\\\/www.instagram.com\\\/ummotorcycles_pt\\\/\"]}]}<\/script>\n<!-- \/ Yoast SEO plugin. -->","yoast_head_json":{"title":"Cruiser - UM Motorcycles","description":"J\u00e1 conheces a nossa gama RENEGADE? Esta fam\u00edlia \u00e9 caracterizada pela sua irrever\u00eancia, aspeto imponente e esp\u00edrito de aventura.","robots":{"index":"index","follow":"follow","max-snippet":"max-snippet:-1","max-image-preview":"max-image-preview:large","max-video-preview":"max-video-preview:-1"},"canonical":"https:\/\/umiberica.com\/pt\/cruiser\/","og_locale":"pt_PT","og_type":"article","og_title":"Cruiser - UM Motorcycles","og_description":"J\u00e1 conheces a nossa gama RENEGADE? Esta fam\u00edlia \u00e9 caracterizada pela sua irrever\u00eancia, aspeto imponente e esp\u00edrito de aventura.","og_url":"https:\/\/umiberica.com\/pt\/cruiser\/","og_site_name":"UM Motorcycles","article_publisher":"https:\/\/www.facebook.com\/umibericapt\/","article_modified_time":"2025-01-02T17:55:22+00:00","twitter_card":"summary_large_image","twitter_misc":{"Tempo estimado de leitura":"3 minutos"},"schema":{"@context":"https:\/\/schema.org","@graph":[{"@type":"WebPage","@id":"https:\/\/umiberica.com\/pt\/cruiser\/","url":"https:\/\/umiberica.com\/pt\/cruiser\/","name":"Cruiser - UM Motorcycles","isPartOf":{"@id":"https:\/\/umiberica.com\/pt\/#website"},"datePublished":"2018-10-12T17:13:00+00:00","dateModified":"2025-01-02T17:55:22+00:00","description":"J\u00e1 conheces a nossa gama RENEGADE? Esta fam\u00edlia \u00e9 caracterizada pela sua irrever\u00eancia, aspeto imponente e esp\u00edrito de aventura.","breadcrumb":{"@id":"https:\/\/umiberica.com\/pt\/cruiser\/#breadcrumb"},"inLanguage":"pt-PT","potentialAction":[{"@type":"ReadAction","target":["https:\/\/umiberica.com\/pt\/cruiser\/"]}]},{"@type":"BreadcrumbList","@id":"https:\/\/umiberica.com\/pt\/cruiser\/#breadcrumb","itemListElement":[{"@type":"ListItem","position":1,"name":"In\u00edcio","item":"https:\/\/umiberica.com\/pt\/"},{"@type":"ListItem","position":2,"name":"Cruiser"}]},{"@type":"WebSite","@id":"https:\/\/umiberica.com\/pt\/#website","url":"https:\/\/umiberica.com\/pt\/","name":"UM Motorcycles","description":"Rebeldes com uma causa distinta.","publisher":{"@id":"https:\/\/umiberica.com\/pt\/#organization"},"potentialAction":[{"@type":"SearchAction","target":{"@type":"EntryPoint","urlTemplate":"https:\/\/umiberica.com\/pt\/?s={search_term_string}"},"query-input":{"@type":"PropertyValueSpecification","valueRequired":true,"valueName":"search_term_string"}}],"inLanguage":"pt-PT"},{"@type":"Organization","@id":"https:\/\/umiberica.com\/pt\/#organization","name":"UM Motorcycles","url":"https:\/\/umiberica.com\/pt\/","logo":{"@type":"ImageObject","inLanguage":"pt-PT","@id":"https:\/\/umiberica.com\/pt\/#\/schema\/logo\/image\/","url":"https:\/\/umiberica.com\/pt\/wp-content\/uploads\/2020\/03\/um-motorcycles-home-share-1.jpg","contentUrl":"https:\/\/umiberica.com\/pt\/wp-content\/uploads\/2020\/03\/um-motorcycles-home-share-1.jpg","width":1534,"height":800,"caption":"UM Motorcycles"},"image":{"@id":"https:\/\/umiberica.com\/pt\/#\/schema\/logo\/image\/"},"sameAs":["https:\/\/www.facebook.com\/umibericapt\/","https:\/\/www.instagram.com\/ummotorcycles_pt\/"]}]}},"_links":{"self":[{"href":"https:\/\/umiberica.com\/pt\/wp-json\/wp\/v2\/pages\/15189","targetHints":{"allow":["GET"]}}],"collection":[{"href":"https:\/\/umiberica.com\/pt\/wp-json\/wp\/v2\/pages"}],"about":[{"href":"https:\/\/umiberica.com\/pt\/wp-json\/wp\/v2\/types\/page"}],"author":[{"embeddable":true,"href":"https:\/\/umiberica.com\/pt\/wp-json\/wp\/v2\/users\/2"}],"replies":[{"embeddable":true,"href":"https:\/\/umiberica.com\/pt\/wp-json\/wp\/v2\/comments?post=15189"}],"version-history":[{"count":106,"href":"https:\/\/umiberica.com\/pt\/wp-json\/wp\/v2\/pages\/15189\/revisions"}],"predecessor-version":[{"id":20181,"href":"https:\/\/umiberica.com\/pt\/wp-json\/wp\/v2\/pages\/15189\/revisions\/20181"}],"wp:attachment":[{"href":"https:\/\/umiberica.com\/pt\/wp-json\/wp\/v2\/media?parent=15189"}],"curies":[{"name":"wp","href":"https:\/\/api.w.org\/{rel}","templated":true}]}}